{"id":335,"date":"2025-06-30T08:26:45","date_gmt":"2025-06-30T08:26:45","guid":{"rendered":"https:\/\/kanzlei.awesa-business.de\/?page_id=335"},"modified":"2025-07-03T06:29:44","modified_gmt":"2025-07-03T06:29:44","slug":"insolvenzen","status":"publish","type":"page","link":"https:\/\/kanzlei.awesa-business.de\/index.php\/insolvenzen\/","title":{"rendered":"Insolvenzen"},"content":{"rendered":"\t\t<div data-elementor-type=\"wp-page\" data-elementor-id=\"335\" class=\"elementor elementor-335\" data-elementor-post-type=\"page\">\n\t\t\t\t<div class=\"elementor-element elementor-element-63db5ca e-flex e-con-boxed e-con e-parent\" data-id=\"63db5ca\" data-element_type=\"container\">\n\t\t\t\t\t<div class=\"e-con-inner\">\n\t\t<div class=\"elementor-element elementor-element-20a26baf e-con-full e-flex e-con e-child\" data-id=\"20a26baf\" data-element_type=\"container\">\n\t\t<div class=\"elementor-element elementor-element-4d8416d4 e-con-full e-flex e-con e-child\" data-id=\"4d8416d4\" data-element_type=\"container\">\n\t\t\t\t<div class=\"elementor-element elementor-element-16ef3d9d elementor-widget elementor-widget-heading\" data-id=\"16ef3d9d\" data-element_type=\"widget\" data-widget_type=\"heading.default\">\n\t\t\t\t<div class=\"elementor-widget-container\">\n\t\t\t\t\t<h2 class=\"elementor-heading-title elementor-size-default\">Insolvenzen<\/h2>\t\t\t\t<\/div>\n\t\t\t\t<\/div>\n\t\t\t\t<div class=\"elementor-element elementor-element-779307a9 elementor-widget__width-initial elementor-widget elementor-widget-heading\" data-id=\"779307a9\" data-element_type=\"widget\" data-widget_type=\"heading.default\">\n\t\t\t\t<div class=\"elementor-widget-container\">\n\t\t\t\t\t<h2 class=\"elementor-heading-title elementor-size-default\">Rechtsanw\u00e4ltin H\u00f6flich-K\u00fcthmann\n<\/h2>\t\t\t\t<\/div>\n\t\t\t\t<\/div>\n\t\t\t\t<div class=\"elementor-element elementor-element-130d2154 elementor-widget__width-initial elementor-widget elementor-widget-text-editor\" data-id=\"130d2154\" data-element_type=\"widget\" data-widget_type=\"text-editor.default\">\n\t\t\t\t<div class=\"elementor-widget-container\">\n\t\t\t\t\t\t\t\t\t<p>ist vom Amtsgericht Holzminden als Insolvenzverwalterin und Treuh\u00e4nderin bestellt.<\/p>\t\t\t\t\t\t\t\t<\/div>\n\t\t\t\t<\/div>\n\t\t\t\t<div class=\"elementor-element elementor-element-ea5dd10 elementor-widget__width-initial elementor-widget elementor-widget-text-editor\" data-id=\"ea5dd10\" data-element_type=\"widget\" data-widget_type=\"text-editor.default\">\n\t\t\t\t<div class=\"elementor-widget-container\">\n\t\t\t\t\t\t\t\t\t<div class=\"cont_rgt_lft_t\"><p>\u00dcber den nachfolgenden Link k\u00f6nnen Sie als Gl\u00e4ubiger mit dem Ihnen \u00fcbersandten Passwort Einsicht in das betreffende Verfahren nehmen, sich \u00fcber den Verfahrensstand informieren und ggf. auch Ihre Forderungsanmeldung vornehmen.<\/p><\/div>\t\t\t\t\t\t\t\t<\/div>\n\t\t\t\t<\/div>\n\t\t\t\t<div class=\"elementor-element elementor-element-e612551 elementor-widget elementor-widget-button\" data-id=\"e612551\" data-element_type=\"widget\" data-widget_type=\"button.default\">\n\t\t\t\t<div class=\"elementor-widget-container\">\n\t\t\t\t\t\t\t\t\t<div class=\"elementor-button-wrapper\">\n\t\t\t\t\t<a class=\"elementor-button elementor-button-link elementor-size-sm\" href=\"https:\/\/insoweb.de\/request\/1605a02ef313bc30c9dab26115c31ba7\/11\/verfahrensliste.html\">\n\t\t\t\t\t\t<span class=\"elementor-button-content-wrapper\">\n\t\t\t\t\t\t\t\t\t<span class=\"elementor-button-text\">Insolvenzverfahren<\/span>\n\t\t\t\t\t<\/span>\n\t\t\t\t\t<\/a>\n\t\t\t\t<\/div>\n\t\t\t\t\t\t\t\t<\/div>\n\t\t\t\t<\/div>\n\t\t\t\t<div class=\"elementor-element elementor-element-6f09a32 elementor-widget__width-initial elementor-widget elementor-widget-text-editor\" data-id=\"6f09a32\" data-element_type=\"widget\" data-widget_type=\"text-editor.default\">\n\t\t\t\t<div class=\"elementor-widget-container\">\n\t\t\t\t\t\t\t\t\t<div class=\"cont_rgt_lft_t\"><p>Information und Forderungsanmeldung<\/p><\/div>\t\t\t\t\t\t\t\t<\/div>\n\t\t\t\t<\/div>\n\t\t\t\t<\/div>\n\t\t\t\t<\/div>\n\t\t<div class=\"elementor-element elementor-element-16f4d81e e-con-full e-flex e-con e-child\" data-id=\"16f4d81e\" data-element_type=\"container\">\n\t\t\t\t<div class=\"elementor-element elementor-element-4c56f047 elementor-widget elementor-widget-image\" data-id=\"4c56f047\" data-element_type=\"widget\" data-widget_type=\"image.default\">\n\t\t\t\t<div class=\"elementor-widget-container\">\n\t\t\t\t\t\t\t\t\t\t\t\t\t\t\t<img fetchpriority=\"high\" decoding=\"async\" width=\"370\" height=\"489\" src=\"https:\/\/kanzlei.awesa-business.de\/wp-content\/uploads\/2025\/06\/Kanzlei-Weserbergland-Insolvenzen.jpg\" class=\"attachment-full size-full wp-image-338\" alt=\"\" srcset=\"https:\/\/kanzlei.awesa-business.de\/wp-content\/uploads\/2025\/06\/Kanzlei-Weserbergland-Insolvenzen.jpg 370w, https:\/\/kanzlei.awesa-business.de\/wp-content\/uploads\/2025\/06\/Kanzlei-Weserbergland-Insolvenzen-227x300.jpg 227w\" sizes=\"(max-width: 370px) 100vw, 370px\" \/>\t\t\t\t\t\t\t\t\t\t\t\t\t\t\t<\/div>\n\t\t\t\t<\/div>\n\t\t\t\t<\/div>\n\t\t<div class=\"elementor-element elementor-element-46b5ea0b e-con-full e-flex e-con e-child\" data-id=\"46b5ea0b\" data-element_type=\"container\">\n\t\t\t\t<div class=\"elementor-element elementor-element-2a676cea elementor-widget elementor-widget-image\" data-id=\"2a676cea\" data-element_type=\"widget\" data-widget_type=\"image.default\">\n\t\t\t\t<div class=\"elementor-widget-container\">\n\t\t\t\t\t\t\t\t\t\t\t\t\t\t\t<img decoding=\"async\" width=\"315\" height=\"434\" src=\"https:\/\/kanzlei.awesa-business.de\/wp-content\/uploads\/2025\/06\/Kanzlei-Weserbergland-Website-1.jpg\" class=\"attachment-full size-full wp-image-339\" alt=\"\" srcset=\"https:\/\/kanzlei.awesa-business.de\/wp-content\/uploads\/2025\/06\/Kanzlei-Weserbergland-Website-1.jpg 315w, https:\/\/kanzlei.awesa-business.de\/wp-content\/uploads\/2025\/06\/Kanzlei-Weserbergland-Website-1-218x300.jpg 218w\" sizes=\"(max-width: 315px) 100vw, 315px\" \/>\t\t\t\t\t\t\t\t\t\t\t\t\t\t\t<\/div>\n\t\t\t\t<\/div>\n\t\t\t\t<\/div>\n\t\t\t\t\t<\/div>\n\t\t\t\t<\/div>\n\t\t\t\t<\/div>\n\t\t","protected":false},"excerpt":{"rendered":"<p>Insolvenzen Rechtsanw\u00e4ltin H\u00f6flich-K\u00fcthmann ist vom Amtsgericht Holzminden als Insolvenzverwalterin und Treuh\u00e4nderin bestellt. \u00dcber den nachfolgenden Link k\u00f6nnen Sie als Gl\u00e4ubiger mit dem Ihnen \u00fcbersandten Passwort Einsicht in das betreffende Verfahren nehmen, sich \u00fcber den Verfahrensstand informieren und ggf. auch Ihre Forderungsanmeldung vornehmen. Insolvenzverfahren Information und Forderungsanmeldung<\/p>\n","protected":false},"author":1,"featured_media":0,"parent":0,"menu_order":0,"comment_status":"closed","ping_status":"closed","template":"elementor_header_footer","meta":{"footnotes":""},"class_list":["post-335","page","type-page","status-publish","hentry"],"_links":{"self":[{"href":"https:\/\/kanzlei.awesa-business.de\/index.php\/wp-json\/wp\/v2\/pages\/335","targetHints":{"allow":["GET"]}}],"collection":[{"href":"https:\/\/kanzlei.awesa-business.de\/index.php\/wp-json\/wp\/v2\/pages"}],"about":[{"href":"https:\/\/kanzlei.awesa-business.de\/index.php\/wp-json\/wp\/v2\/types\/page"}],"author":[{"embeddable":true,"href":"https:\/\/kanzlei.awesa-business.de\/index.php\/wp-json\/wp\/v2\/users\/1"}],"replies":[{"embeddable":true,"href":"https:\/\/kanzlei.awesa-business.de\/index.php\/wp-json\/wp\/v2\/comments?post=335"}],"version-history":[{"count":13,"href":"https:\/\/kanzlei.awesa-business.de\/index.php\/wp-json\/wp\/v2\/pages\/335\/revisions"}],"predecessor-version":[{"id":514,"href":"https:\/\/kanzlei.awesa-business.de\/index.php\/wp-json\/wp\/v2\/pages\/335\/revisions\/514"}],"wp:attachment":[{"href":"https:\/\/kanzlei.awesa-business.de\/index.php\/wp-json\/wp\/v2\/media?parent=335"}],"curies":[{"name":"wp","href":"https:\/\/api.w.org\/{rel}","templated":true}]}}