{"id":219,"date":"2025-06-26T07:14:16","date_gmt":"2025-06-26T07:14:16","guid":{"rendered":"https:\/\/kanzlei.awesa-business.de\/?page_id=219"},"modified":"2025-07-03T06:34:17","modified_gmt":"2025-07-03T06:34:17","slug":"irene-hoeflich-kuethmann","status":"publish","type":"page","link":"https:\/\/kanzlei.awesa-business.de\/index.php\/irene-hoeflich-kuethmann\/","title":{"rendered":"Irene H\u00f6flich-K\u00fcthmann"},"content":{"rendered":"\t\t<div data-elementor-type=\"wp-page\" data-elementor-id=\"219\" class=\"elementor elementor-219\" data-elementor-post-type=\"page\">\n\t\t\t\t<div class=\"elementor-element elementor-element-45f5592c e-flex e-con-boxed e-con e-parent\" data-id=\"45f5592c\" data-element_type=\"container\">\n\t\t\t\t\t<div class=\"e-con-inner\">\n\t\t<div class=\"elementor-element elementor-element-4a19224b e-con-full e-flex e-con e-child\" data-id=\"4a19224b\" data-element_type=\"container\">\n\t\t\t\t<div class=\"elementor-element elementor-element-3c3e48da elementor-widget elementor-widget-image\" data-id=\"3c3e48da\" data-element_type=\"widget\" data-widget_type=\"image.default\">\n\t\t\t\t<div class=\"elementor-widget-container\">\n\t\t\t\t\t\t\t\t\t\t\t\t\t\t\t<img fetchpriority=\"high\" decoding=\"async\" width=\"440\" height=\"310\" src=\"https:\/\/kanzlei.awesa-business.de\/wp-content\/uploads\/2025\/06\/anwalt-hoeflich-kuethmann.jpg\" class=\"attachment-full size-full wp-image-222\" alt=\"\" srcset=\"https:\/\/kanzlei.awesa-business.de\/wp-content\/uploads\/2025\/06\/anwalt-hoeflich-kuethmann.jpg 440w, https:\/\/kanzlei.awesa-business.de\/wp-content\/uploads\/2025\/06\/anwalt-hoeflich-kuethmann-300x211.jpg 300w\" sizes=\"(max-width: 440px) 100vw, 440px\" \/>\t\t\t\t\t\t\t\t\t\t\t\t\t\t\t<\/div>\n\t\t\t\t<\/div>\n\t\t<div class=\"elementor-element elementor-element-b88631e e-con-full e-flex e-con e-child\" data-id=\"b88631e\" data-element_type=\"container\">\n\t\t<div class=\"elementor-element elementor-element-32ffb092 e-con-full e-flex e-con e-child\" data-id=\"32ffb092\" data-element_type=\"container\">\n\t\t\t\t<div class=\"elementor-element elementor-element-5c6bebf8 elementor-widget elementor-widget-heading\" data-id=\"5c6bebf8\" data-element_type=\"widget\" data-widget_type=\"heading.default\">\n\t\t\t\t<div class=\"elementor-widget-container\">\n\t\t\t\t\t<h2 class=\"elementor-heading-title elementor-size-default\">Irene H\u00f6flich-K\u00fcthmann\n<\/h2>\t\t\t\t<\/div>\n\t\t\t\t<\/div>\n\t\t\t\t<div class=\"elementor-element elementor-element-1e71238b elementor-widget elementor-widget-text-editor\" data-id=\"1e71238b\" data-element_type=\"widget\" data-widget_type=\"text-editor.default\">\n\t\t\t\t<div class=\"elementor-widget-container\">\n\t\t\t\t\t\t\t\t\t<p>Rechtsanw\u00e4ltin<br \/>(seit 1994)<\/p><p>Fachanw\u00e4ltin f\u00fcr Familienrecht<\/p>\t\t\t\t\t\t\t\t<\/div>\n\t\t\t\t<\/div>\n\t\t\t\t<\/div>\n\t\t<div class=\"elementor-element elementor-element-10e0d49b e-con-full e-flex e-con e-child\" data-id=\"10e0d49b\" data-element_type=\"container\">\n\t\t<div class=\"elementor-element elementor-element-2f95983 e-con-full e-flex e-con e-child\" data-id=\"2f95983\" data-element_type=\"container\">\n\t\t\t\t<div class=\"elementor-element elementor-element-5a2ed5da elementor-view-default elementor-widget elementor-widget-icon\" data-id=\"5a2ed5da\" data-element_type=\"widget\" data-widget_type=\"icon.default\">\n\t\t\t\t<div class=\"elementor-widget-container\">\n\t\t\t\t\t\t\t<div class=\"elementor-icon-wrapper\">\n\t\t\t<div class=\"elementor-icon\">\n\t\t\t<i aria-hidden=\"true\" class=\"jki jki-smartphone-light\"><\/i>\t\t\t<\/div>\n\t\t<\/div>\n\t\t\t\t\t\t<\/div>\n\t\t\t\t<\/div>\n\t\t\t\t<div class=\"elementor-element elementor-element-7945843a elementor-widget elementor-widget-heading\" data-id=\"7945843a\" data-element_type=\"widget\" data-widget_type=\"heading.default\">\n\t\t\t\t<div class=\"elementor-widget-container\">\n\t\t\t\t\t<h2 class=\"elementor-heading-title elementor-size-default\">Telefon:<\/h2>\t\t\t\t<\/div>\n\t\t\t\t<\/div>\n\t\t\t\t<div class=\"elementor-element elementor-element-153699bf elementor-widget elementor-widget-heading\" data-id=\"153699bf\" data-element_type=\"widget\" data-widget_type=\"heading.default\">\n\t\t\t\t<div class=\"elementor-widget-container\">\n\t\t\t\t\t<p class=\"elementor-heading-title elementor-size-default\">05533 \/ 3047 u. 3048<\/p>\t\t\t\t<\/div>\n\t\t\t\t<\/div>\n\t\t\t\t<\/div>\n\t\t<div class=\"elementor-element elementor-element-292925f4 e-con-full e-flex e-con e-child\" data-id=\"292925f4\" data-element_type=\"container\">\n\t\t\t\t<div class=\"elementor-element elementor-element-1cca9e5e elementor-view-default elementor-widget elementor-widget-icon\" data-id=\"1cca9e5e\" data-element_type=\"widget\" data-widget_type=\"icon.default\">\n\t\t\t\t<div class=\"elementor-widget-container\">\n\t\t\t\t\t\t\t<div class=\"elementor-icon-wrapper\">\n\t\t\t<div class=\"elementor-icon\">\n\t\t\t<i aria-hidden=\"true\" class=\"jki jki-fax-solid\"><\/i>\t\t\t<\/div>\n\t\t<\/div>\n\t\t\t\t\t\t<\/div>\n\t\t\t\t<\/div>\n\t\t\t\t<div class=\"elementor-element elementor-element-9a9fdee elementor-widget elementor-widget-heading\" data-id=\"9a9fdee\" data-element_type=\"widget\" data-widget_type=\"heading.default\">\n\t\t\t\t<div class=\"elementor-widget-container\">\n\t\t\t\t\t<h2 class=\"elementor-heading-title elementor-size-default\">Fax:<\/h2>\t\t\t\t<\/div>\n\t\t\t\t<\/div>\n\t\t\t\t<div class=\"elementor-element elementor-element-1fbd8b2c elementor-widget elementor-widget-heading\" data-id=\"1fbd8b2c\" data-element_type=\"widget\" data-widget_type=\"heading.default\">\n\t\t\t\t<div class=\"elementor-widget-container\">\n\t\t\t\t\t<p class=\"elementor-heading-title elementor-size-default\">05533 \/ 7277<\/p>\t\t\t\t<\/div>\n\t\t\t\t<\/div>\n\t\t\t\t<\/div>\n\t\t<div class=\"elementor-element elementor-element-5afbec13 e-con-full e-flex e-con e-child\" data-id=\"5afbec13\" data-element_type=\"container\">\n\t\t\t\t<div class=\"elementor-element elementor-element-50adafc elementor-view-default elementor-widget elementor-widget-icon\" data-id=\"50adafc\" data-element_type=\"widget\" data-widget_type=\"icon.default\">\n\t\t\t\t<div class=\"elementor-widget-container\">\n\t\t\t\t\t\t\t<div class=\"elementor-icon-wrapper\">\n\t\t\t<div class=\"elementor-icon\">\n\t\t\t<i aria-hidden=\"true\" class=\"jki jki-email-light\"><\/i>\t\t\t<\/div>\n\t\t<\/div>\n\t\t\t\t\t\t<\/div>\n\t\t\t\t<\/div>\n\t\t\t\t<div class=\"elementor-element elementor-element-7da7bf85 elementor-widget elementor-widget-heading\" data-id=\"7da7bf85\" data-element_type=\"widget\" data-widget_type=\"heading.default\">\n\t\t\t\t<div class=\"elementor-widget-container\">\n\t\t\t\t\t<h2 class=\"elementor-heading-title elementor-size-default\">E-Mail: <\/h2>\t\t\t\t<\/div>\n\t\t\t\t<\/div>\n\t\t\t\t<div class=\"elementor-element elementor-element-1877630 elementor-widget elementor-widget-heading\" data-id=\"1877630\" data-element_type=\"widget\" data-widget_type=\"heading.default\">\n\t\t\t\t<div class=\"elementor-widget-container\">\n\t\t\t\t\t<p class=\"elementor-heading-title elementor-size-default\"><a href=\"mailto:i.hoeflich-k@kanzlei-weserbergland.de\">i.hoeflich-k@kanzlei-weserbergland.de<\/a><\/p>\t\t\t\t<\/div>\n\t\t\t\t<\/div>\n\t\t\t\t<\/div>\n\t\t\t\t<\/div>\n\t\t\t\t<\/div>\n\t\t<div class=\"elementor-element elementor-element-7040c7f7 e-con-full e-flex e-con e-child\" data-id=\"7040c7f7\" data-element_type=\"container\">\n\t\t\t\t<div class=\"elementor-element elementor-element-5ed3da8 elementor-widget elementor-widget-heading\" data-id=\"5ed3da8\" data-element_type=\"widget\" data-widget_type=\"heading.default\">\n\t\t\t\t<div class=\"elementor-widget-container\">\n\t\t\t\t\t<h2 class=\"elementor-heading-title elementor-size-default\">Ausbildung:\n<\/h2>\t\t\t\t<\/div>\n\t\t\t\t<\/div>\n\t\t\t\t<div class=\"elementor-element elementor-element-20e8c12 elementor-widget elementor-widget-text-editor\" data-id=\"20e8c12\" data-element_type=\"widget\" data-widget_type=\"text-editor.default\">\n\t\t\t\t<div class=\"elementor-widget-container\">\n\t\t\t\t\t\t\t\t\t<div class=\"cont_rgt_lft_t\"><ul><li>Universit\u00e4t M\u00fcnchen<\/li><li class=\"last\">Universit\u00e4t G\u00f6ttingen<\/li><\/ul><\/div>\t\t\t\t\t\t\t\t<\/div>\n\t\t\t\t<\/div>\n\t\t\t\t<\/div>\n\t\t<div class=\"elementor-element elementor-element-3ca9ddbf e-con-full e-flex e-con e-child\" data-id=\"3ca9ddbf\" data-element_type=\"container\">\n\t\t\t\t<div class=\"elementor-element elementor-element-7b4b7ff8 elementor-widget elementor-widget-heading\" data-id=\"7b4b7ff8\" data-element_type=\"widget\" data-widget_type=\"heading.default\">\n\t\t\t\t<div class=\"elementor-widget-container\">\n\t\t\t\t\t<h2 class=\"elementor-heading-title elementor-size-default\">Weitere T\u00e4tigkeiten:\n<\/h2>\t\t\t\t<\/div>\n\t\t\t\t<\/div>\n\t\t\t\t<div class=\"elementor-element elementor-element-193e641c elementor-widget elementor-widget-text-editor\" data-id=\"193e641c\" data-element_type=\"widget\" data-widget_type=\"text-editor.default\">\n\t\t\t\t<div class=\"elementor-widget-container\">\n\t\t\t\t\t\t\t\t\t<ul><li><div class=\"cont_rgt_rgt_b\"><div class=\"cont_rgt_rgt_b\"><p>Bestellung als Insolvenzverwalterin<br \/>und Treuh\u00e4nderin beim AG Holzminden<\/p><\/div><\/div><\/li><\/ul>\t\t\t\t\t\t\t\t<\/div>\n\t\t\t\t<\/div>\n\t\t\t\t<\/div>\n\t\t\t\t<\/div>\n\t\t<div class=\"elementor-element elementor-element-8b34850 e-con-full e-flex e-con e-child\" data-id=\"8b34850\" data-element_type=\"container\" data-settings=\"{&quot;background_background&quot;:&quot;classic&quot;}\">\n\t\t\t\t<div class=\"elementor-element elementor-element-08feca7 elementor-widget elementor-widget-heading\" data-id=\"08feca7\" data-element_type=\"widget\" data-widget_type=\"heading.default\">\n\t\t\t\t<div class=\"elementor-widget-container\">\n\t\t\t\t\t<h2 class=\"elementor-heading-title elementor-size-default\">Schwerpunkte<\/h2>\t\t\t\t<\/div>\n\t\t\t\t<\/div>\n\t\t\t\t<div class=\"elementor-element elementor-element-8ba21a1 elementor-icon-list--layout-traditional elementor-list-item-link-full_width elementor-widget elementor-widget-icon-list\" data-id=\"8ba21a1\" data-element_type=\"widget\" data-widget_type=\"icon-list.default\">\n\t\t\t\t<div class=\"elementor-widget-container\">\n\t\t\t\t\t\t\t<ul class=\"elementor-icon-list-items\">\n\t\t\t\t\t\t\t<li class=\"elementor-icon-list-item\">\n\t\t\t\t\t\t\t\t\t\t\t<a href=\"#\">\n\n\t\t\t\t\t\t\t\t\t\t\t<span class=\"elementor-icon-list-text\">Familienrecht<\/span>\n\t\t\t\t\t\t\t\t\t\t\t<\/a>\n\t\t\t\t\t\t\t\t\t<\/li>\n\t\t\t\t\t\t\t\t<li class=\"elementor-icon-list-item\">\n\t\t\t\t\t\t\t\t\t\t\t<a href=\"#\">\n\n\t\t\t\t\t\t\t\t\t\t\t<span class=\"elementor-icon-list-text\">Insolvenzrecht<\/span>\n\t\t\t\t\t\t\t\t\t\t\t<\/a>\n\t\t\t\t\t\t\t\t\t<\/li>\n\t\t\t\t\t\t\t\t<li class=\"elementor-icon-list-item\">\n\t\t\t\t\t\t\t\t\t\t\t<a href=\"#\">\n\n\t\t\t\t\t\t\t\t\t\t\t<span class=\"elementor-icon-list-text\">Verkehrsunfallregulierung<\/span>\n\t\t\t\t\t\t\t\t\t\t\t<\/a>\n\t\t\t\t\t\t\t\t\t<\/li>\n\t\t\t\t\t\t<\/ul>\n\t\t\t\t\t\t<\/div>\n\t\t\t\t<\/div>\n\t\t\t\t<div class=\"elementor-element elementor-element-f3a26c2 elementor-widget elementor-widget-heading\" data-id=\"f3a26c2\" data-element_type=\"widget\" data-widget_type=\"heading.default\">\n\t\t\t\t<div class=\"elementor-widget-container\">\n\t\t\t\t\t<h2 class=\"elementor-heading-title elementor-size-default\">Online-Formulare<\/h2>\t\t\t\t<\/div>\n\t\t\t\t<\/div>\n\t\t\t\t<div class=\"elementor-element elementor-element-bd343ce elementor-widget elementor-widget-button\" data-id=\"bd343ce\" data-element_type=\"widget\" data-widget_type=\"button.default\">\n\t\t\t\t<div class=\"elementor-widget-container\">\n\t\t\t\t\t\t\t\t\t<div class=\"elementor-button-wrapper\">\n\t\t\t\t\t<a class=\"elementor-button elementor-button-link elementor-size-sm\" href=\"#\">\n\t\t\t\t\t\t<span class=\"elementor-button-content-wrapper\">\n\t\t\t\t\t\t\t\t\t<span class=\"elementor-button-text\">Notarielle T\u00e4tigkeiten<\/span>\n\t\t\t\t\t<\/span>\n\t\t\t\t\t<\/a>\n\t\t\t\t<\/div>\n\t\t\t\t\t\t\t\t<\/div>\n\t\t\t\t<\/div>\n\t\t\t\t<div class=\"elementor-element elementor-element-ebe473b elementor-widget elementor-widget-button\" data-id=\"ebe473b\" data-element_type=\"widget\" data-widget_type=\"button.default\">\n\t\t\t\t<div class=\"elementor-widget-container\">\n\t\t\t\t\t\t\t\t\t<div class=\"elementor-button-wrapper\">\n\t\t\t\t\t<a class=\"elementor-button elementor-button-link elementor-size-sm\" href=\"#\">\n\t\t\t\t\t\t<span class=\"elementor-button-content-wrapper\">\n\t\t\t\t\t\t\t\t\t<span class=\"elementor-button-text\">Anwaltliche T\u00e4tigkeiten<\/span>\n\t\t\t\t\t<\/span>\n\t\t\t\t\t<\/a>\n\t\t\t\t<\/div>\n\t\t\t\t\t\t\t\t<\/div>\n\t\t\t\t<\/div>\n\t\t\t\t<\/div>\n\t\t\t\t\t<\/div>\n\t\t\t\t<\/div>\n\t\t\t\t<\/div>\n\t\t","protected":false},"excerpt":{"rendered":"<p>Irene H\u00f6flich-K\u00fcthmann Rechtsanw\u00e4ltin(seit 1994) Fachanw\u00e4ltin f\u00fcr Familienrecht Telefon: 05533 \/ 3047 u. 3048 Fax: 05533 \/ 7277 E-Mail: i.hoeflich-k@kanzlei-weserbergland.de Ausbildung: Universit\u00e4t M\u00fcnchen Universit\u00e4t G\u00f6ttingen Weitere T\u00e4tigkeiten: Bestellung als Insolvenzverwalterinund Treuh\u00e4nderin beim AG Holzminden Schwerpunkte Familienrecht Insolvenzrecht Verkehrsunfallregulierung Online-Formulare Notarielle T\u00e4tigkeiten Anwaltliche T\u00e4tigkeiten<\/p>\n","protected":false},"author":1,"featured_media":0,"parent":0,"menu_order":0,"comment_status":"closed","ping_status":"closed","template":"elementor_header_footer","meta":{"footnotes":""},"class_list":["post-219","page","type-page","status-publish","hentry"],"_links":{"self":[{"href":"https:\/\/kanzlei.awesa-business.de\/index.php\/wp-json\/wp\/v2\/pages\/219","targetHints":{"allow":["GET"]}}],"collection":[{"href":"https:\/\/kanzlei.awesa-business.de\/index.php\/wp-json\/wp\/v2\/pages"}],"about":[{"href":"https:\/\/kanzlei.awesa-business.de\/index.php\/wp-json\/wp\/v2\/types\/page"}],"author":[{"embeddable":true,"href":"https:\/\/kanzlei.awesa-business.de\/index.php\/wp-json\/wp\/v2\/users\/1"}],"replies":[{"embeddable":true,"href":"https:\/\/kanzlei.awesa-business.de\/index.php\/wp-json\/wp\/v2\/comments?post=219"}],"version-history":[{"count":13,"href":"https:\/\/kanzlei.awesa-business.de\/index.php\/wp-json\/wp\/v2\/pages\/219\/revisions"}],"predecessor-version":[{"id":518,"href":"https:\/\/kanzlei.awesa-business.de\/index.php\/wp-json\/wp\/v2\/pages\/219\/revisions\/518"}],"wp:attachment":[{"href":"https:\/\/kanzlei.awesa-business.de\/index.php\/wp-json\/wp\/v2\/media?parent=219"}],"curies":[{"name":"wp","href":"https:\/\/api.w.org\/{rel}","templated":true}]}}